{"id":2,"date":"2025-09-17T22:20:33","date_gmt":"2025-09-17T20:20:33","guid":{"rendered":"https:\/\/www.dragita-art.cz\/?page_id=2"},"modified":"2026-03-16T23:08:58","modified_gmt":"2026-03-16T22:08:58","slug":"zkusebni-stranka","status":"publish","type":"page","link":"https:\/\/www.dragita-art.cz\/","title":{"rendered":"Malba a ilustrace"},"content":{"rendered":"\n<div class=\"wp-block-media-text is-stacked-on-mobile\" style=\"grid-template-columns:27% auto\"><figure class=\"wp-block-media-text__media\"><img loading=\"lazy\" decoding=\"async\" width=\"305\" height=\"239\" src=\"https:\/\/www.dragita-art.cz\/wp-content\/uploads\/2026\/03\/realismus-a-fantastika.png\" alt=\"\" class=\"wp-image-86 size-full\" srcset=\"https:\/\/www.dragita-art.cz\/wp-content\/uploads\/2026\/03\/realismus-a-fantastika.png 305w, https:\/\/www.dragita-art.cz\/wp-content\/uploads\/2026\/03\/realismus-a-fantastika-300x235.png 300w\" sizes=\"(max-width: 305px) 100vw, 305px\" \/><\/figure><div class=\"wp-block-media-text__content\">\n<p>R\u00e1da se inspiruji fantazi\u00ed i realismem.<\/p>\n\n\n\n<p>Maluji kombinovanou technikou s olejem a akrylem. Pou\u017e\u00edv\u00e1m r\u016fzn\u00e9 rozm\u011bry pl\u00e1tna se skryt\u00fdm r\u00e1mem.<br>M\u016f\u017eete jej tak ihned pov\u011bsit naprosto kdekoliv.<\/p>\n\n\n\n<p>Najdete u mne i digit\u00e1ln\u00ed tvorbu.<\/p>\n<\/div><\/div>\n\n\n<div class=\"wp-block-image\">\n<figure class=\"aligncenter size-full is-resized\"><img loading=\"lazy\" decoding=\"async\" width=\"838\" height=\"567\" src=\"https:\/\/www.dragita-art.cz\/wp-content\/uploads\/2026\/03\/ptacek2-shoubickama-oba.png\" alt=\"ptacci akrylem\" class=\"wp-image-87\" style=\"width:717px;height:auto\" srcset=\"https:\/\/www.dragita-art.cz\/wp-content\/uploads\/2026\/03\/ptacek2-shoubickama-oba.png 838w, https:\/\/www.dragita-art.cz\/wp-content\/uploads\/2026\/03\/ptacek2-shoubickama-oba-300x203.png 300w, https:\/\/www.dragita-art.cz\/wp-content\/uploads\/2026\/03\/ptacek2-shoubickama-oba-768x520.png 768w\" sizes=\"(max-width: 838px) 100vw, 838px\" \/><\/figure><\/div>\n\n\n<figure class=\"wp-block-image size-full is-resized\"><img loading=\"lazy\" decoding=\"async\" width=\"283\" height=\"159\" src=\"https:\/\/www.dragita-art.cz\/wp-content\/uploads\/2026\/03\/ukazkadel-bila.png\" alt=\"\" class=\"wp-image-84\" style=\"width:186px;height:auto\"\/><\/figure>\n\n\n\n<div class=\"wp-block-group\"><div class=\"wp-block-group__inner-container is-layout-constrained wp-block-group-is-layout-constrained\">\n<figure class=\"wp-block-gallery has-nested-images columns-default is-cropped wp-block-gallery-1 is-layout-flex wp-block-gallery-is-layout-flex\">\n<figure class=\"wp-block-image size-large\"><img loading=\"lazy\" decoding=\"async\" width=\"824\" height=\"1024\" src=\"https:\/\/www.dragita-art.cz\/wp-content\/uploads\/2026\/03\/retrivr-malba-824x1024.jpg\" alt=\"\" class=\"wp-image-55\" srcset=\"https:\/\/www.dragita-art.cz\/wp-content\/uploads\/2026\/03\/retrivr-malba-824x1024.jpg 824w, https:\/\/www.dragita-art.cz\/wp-content\/uploads\/2026\/03\/retrivr-malba-241x300.jpg 241w, https:\/\/www.dragita-art.cz\/wp-content\/uploads\/2026\/03\/retrivr-malba-768x954.jpg 768w, https:\/\/www.dragita-art.cz\/wp-content\/uploads\/2026\/03\/retrivr-malba.jpg 862w\" sizes=\"(max-width: 824px) 100vw, 824px\" \/><\/figure>\n\n\n\n<figure class=\"wp-block-image size-large\"><img loading=\"lazy\" decoding=\"async\" width=\"923\" height=\"911\" src=\"https:\/\/www.dragita-art.cz\/wp-content\/uploads\/2026\/03\/Kid.jpg\" alt=\"\" class=\"wp-image-57\" srcset=\"https:\/\/www.dragita-art.cz\/wp-content\/uploads\/2026\/03\/Kid.jpg 923w, https:\/\/www.dragita-art.cz\/wp-content\/uploads\/2026\/03\/Kid-300x296.jpg 300w, https:\/\/www.dragita-art.cz\/wp-content\/uploads\/2026\/03\/Kid-768x758.jpg 768w, https:\/\/www.dragita-art.cz\/wp-content\/uploads\/2026\/03\/Kid-75x75.jpg 75w\" sizes=\"(max-width: 923px) 100vw, 923px\" \/><\/figure>\n\n\n\n<figure class=\"wp-block-image size-large\"><img loading=\"lazy\" decoding=\"async\" width=\"886\" height=\"881\" src=\"https:\/\/www.dragita-art.cz\/wp-content\/uploads\/2026\/03\/Mia.jpg\" alt=\"\" class=\"wp-image-58\" srcset=\"https:\/\/www.dragita-art.cz\/wp-content\/uploads\/2026\/03\/Mia.jpg 886w, https:\/\/www.dragita-art.cz\/wp-content\/uploads\/2026\/03\/Mia-300x298.jpg 300w, https:\/\/www.dragita-art.cz\/wp-content\/uploads\/2026\/03\/Mia-150x150.jpg 150w, https:\/\/www.dragita-art.cz\/wp-content\/uploads\/2026\/03\/Mia-768x764.jpg 768w, https:\/\/www.dragita-art.cz\/wp-content\/uploads\/2026\/03\/Mia-75x75.jpg 75w\" sizes=\"(max-width: 886px) 100vw, 886px\" \/><\/figure>\n\n\n\n<figure class=\"wp-block-image size-large\"><img loading=\"lazy\" decoding=\"async\" width=\"768\" height=\"1024\" src=\"https:\/\/www.dragita-art.cz\/wp-content\/uploads\/2026\/03\/muchomurky-ptacek-768x1024.jpg\" alt=\"\" class=\"wp-image-59\" srcset=\"https:\/\/www.dragita-art.cz\/wp-content\/uploads\/2026\/03\/muchomurky-ptacek-768x1024.jpg 768w, https:\/\/www.dragita-art.cz\/wp-content\/uploads\/2026\/03\/muchomurky-ptacek-225x300.jpg 225w, https:\/\/www.dragita-art.cz\/wp-content\/uploads\/2026\/03\/muchomurky-ptacek.jpg 960w\" sizes=\"(max-width: 768px) 100vw, 768px\" \/><\/figure>\n\n\n\n<figure class=\"wp-block-image size-large\"><img loading=\"lazy\" decoding=\"async\" width=\"1024\" height=\"956\" src=\"https:\/\/www.dragita-art.cz\/wp-content\/uploads\/2026\/03\/jackrussel1-1024x956.jpg\" alt=\"\" class=\"wp-image-60\" srcset=\"https:\/\/www.dragita-art.cz\/wp-content\/uploads\/2026\/03\/jackrussel1-1024x956.jpg 1024w, https:\/\/www.dragita-art.cz\/wp-content\/uploads\/2026\/03\/jackrussel1-300x280.jpg 300w, https:\/\/www.dragita-art.cz\/wp-content\/uploads\/2026\/03\/jackrussel1-768x717.jpg 768w, https:\/\/www.dragita-art.cz\/wp-content\/uploads\/2026\/03\/jackrussel1-1140x1064.jpg 1140w, https:\/\/www.dragita-art.cz\/wp-content\/uploads\/2026\/03\/jackrussel1.jpg 1280w\" sizes=\"(max-width: 1024px) 100vw, 1024px\" \/><\/figure>\n\n\n\n<figure class=\"wp-block-image size-large\"><img loading=\"lazy\" decoding=\"async\" width=\"768\" height=\"1024\" src=\"https:\/\/www.dragita-art.cz\/wp-content\/uploads\/2026\/03\/tomik-768x1024.jpg\" alt=\"\" class=\"wp-image-61\" srcset=\"https:\/\/www.dragita-art.cz\/wp-content\/uploads\/2026\/03\/tomik-768x1024.jpg 768w, https:\/\/www.dragita-art.cz\/wp-content\/uploads\/2026\/03\/tomik-225x300.jpg 225w, https:\/\/www.dragita-art.cz\/wp-content\/uploads\/2026\/03\/tomik.jpg 960w\" sizes=\"(max-width: 768px) 100vw, 768px\" \/><\/figure>\n\n\n\n<figure class=\"wp-block-image size-large\"><img loading=\"lazy\" decoding=\"async\" width=\"808\" height=\"1024\" src=\"https:\/\/www.dragita-art.cz\/wp-content\/uploads\/2026\/03\/Jimik-808x1024.jpg\" alt=\"\" class=\"wp-image-62\" srcset=\"https:\/\/www.dragita-art.cz\/wp-content\/uploads\/2026\/03\/Jimik-808x1024.jpg 808w, https:\/\/www.dragita-art.cz\/wp-content\/uploads\/2026\/03\/Jimik-237x300.jpg 237w, https:\/\/www.dragita-art.cz\/wp-content\/uploads\/2026\/03\/Jimik-768x973.jpg 768w, https:\/\/www.dragita-art.cz\/wp-content\/uploads\/2026\/03\/Jimik.jpg 1010w\" sizes=\"(max-width: 808px) 100vw, 808px\" \/><\/figure>\n\n\n\n<figure class=\"wp-block-image size-large\"><img loading=\"lazy\" decoding=\"async\" width=\"600\" height=\"771\" src=\"https:\/\/www.dragita-art.cz\/wp-content\/uploads\/2026\/03\/Stray-malyobrazek.jpg\" alt=\"\" class=\"wp-image-63\" srcset=\"https:\/\/www.dragita-art.cz\/wp-content\/uploads\/2026\/03\/Stray-malyobrazek.jpg 600w, https:\/\/www.dragita-art.cz\/wp-content\/uploads\/2026\/03\/Stray-malyobrazek-233x300.jpg 233w\" sizes=\"(max-width: 600px) 100vw, 600px\" \/><\/figure>\n\n\n\n<figure class=\"wp-block-image size-large\"><img loading=\"lazy\" decoding=\"async\" width=\"905\" height=\"1024\" src=\"https:\/\/www.dragita-art.cz\/wp-content\/uploads\/2026\/03\/ptacek2-shoubickama-905x1024.jpg\" alt=\"\" class=\"wp-image-64\" srcset=\"https:\/\/www.dragita-art.cz\/wp-content\/uploads\/2026\/03\/ptacek2-shoubickama-905x1024.jpg 905w, https:\/\/www.dragita-art.cz\/wp-content\/uploads\/2026\/03\/ptacek2-shoubickama-265x300.jpg 265w, https:\/\/www.dragita-art.cz\/wp-content\/uploads\/2026\/03\/ptacek2-shoubickama-768x869.jpg 768w, https:\/\/www.dragita-art.cz\/wp-content\/uploads\/2026\/03\/ptacek2-shoubickama.jpg 912w\" sizes=\"(max-width: 905px) 100vw, 905px\" \/><\/figure>\n<\/figure>\n<\/div><\/div>\n\n\n\n<figure class=\"wp-block-image size-full is-resized\"><img loading=\"lazy\" decoding=\"async\" width=\"287\" height=\"139\" src=\"https:\/\/www.dragita-art.cz\/wp-content\/uploads\/2026\/03\/napiste-mi-bila.png\" alt=\"\" class=\"wp-image-85\" style=\"width:183px\"\/><\/figure>\n\n\n\n<ul class=\"wp-block-social-links aligncenter is-layout-flex wp-block-social-links-is-layout-flex\"><li class=\"wp-social-link wp-social-link-facebook  wp-block-social-link\"><a href=\"https:\/\/www.facebook.com\/DragitaArt\/\" class=\"wp-block-social-link-anchor\"><svg width=\"24\" height=\"24\" viewBox=\"0 0 24 24\" version=\"1.1\" xmlns=\"http:\/\/www.w3.org\/2000\/svg\" aria-hidden=\"true\" focusable=\"false\"><path d=\"M12 2C6.5 2 2 6.5 2 12c0 5 3.7 9.1 8.4 9.9v-7H7.9V12h2.5V9.8c0-2.5 1.5-3.9 3.8-3.9 1.1 0 2.2.2 2.2.2v2.5h-1.3c-1.2 0-1.6.8-1.6 1.6V12h2.8l-.4 2.9h-2.3v7C18.3 21.1 22 17 22 12c0-5.5-4.5-10-10-10z\"><\/path><\/svg><span class=\"wp-block-social-link-label screen-reader-text\">Facebook<\/span><\/a><\/li>\n\n<li class=\"wp-social-link wp-social-link-goodreads  wp-block-social-link\"><a href=\"https:\/\/www.goodreads.com\/author\/dashboard?ref=nav_profile_authordash\" class=\"wp-block-social-link-anchor\"><svg width=\"24\" height=\"24\" viewBox=\"0 0 24 24\" version=\"1.1\" xmlns=\"http:\/\/www.w3.org\/2000\/svg\" aria-hidden=\"true\" focusable=\"false\"><path d=\"M17.3,17.5c-0.2,0.8-0.5,1.4-1,1.9c-0.4,0.5-1,0.9-1.7,1.2C13.9,20.9,13.1,21,12,21c-0.6,0-1.3-0.1-1.9-0.2 c-0.6-0.1-1.1-0.4-1.6-0.7c-0.5-0.3-0.9-0.7-1.2-1.2c-0.3-0.5-0.5-1.1-0.5-1.7h1.5c0.1,0.5,0.2,0.9,0.5,1.2 c0.2,0.3,0.5,0.6,0.9,0.8c0.3,0.2,0.7,0.3,1.1,0.4c0.4,0.1,0.8,0.1,1.2,0.1c1.4,0,2.5-0.4,3.1-1.2c0.6-0.8,1-2,1-3.5v-1.7h0 c-0.4,0.8-0.9,1.4-1.6,1.9c-0.7,0.5-1.5,0.7-2.4,0.7c-1,0-1.9-0.2-2.6-0.5C8.7,15,8.1,14.5,7.7,14c-0.5-0.6-0.8-1.3-1-2.1 c-0.2-0.8-0.3-1.6-0.3-2.5c0-0.9,0.1-1.7,0.4-2.5c0.3-0.8,0.6-1.5,1.1-2c0.5-0.6,1.1-1,1.8-1.4C10.3,3.2,11.1,3,12,3 c0.5,0,0.9,0.1,1.3,0.2c0.4,0.1,0.8,0.3,1.1,0.5c0.3,0.2,0.6,0.5,0.9,0.8c0.3,0.3,0.5,0.6,0.6,1h0V3.4h1.5V15 C17.6,15.9,17.5,16.7,17.3,17.5z M13.8,14.1c0.5-0.3,0.9-0.7,1.3-1.1c0.3-0.5,0.6-1,0.8-1.6c0.2-0.6,0.3-1.2,0.3-1.9 c0-0.6-0.1-1.2-0.2-1.9c-0.1-0.6-0.4-1.2-0.7-1.7c-0.3-0.5-0.7-0.9-1.3-1.2c-0.5-0.3-1.1-0.5-1.9-0.5s-1.4,0.2-1.9,0.5 c-0.5,0.3-1,0.7-1.3,1.2C8.5,6.4,8.3,7,8.1,7.6C8,8.2,7.9,8.9,7.9,9.5c0,0.6,0.1,1.3,0.2,1.9C8.3,12,8.6,12.5,8.9,13 c0.3,0.5,0.8,0.8,1.3,1.1c0.5,0.3,1.1,0.4,1.9,0.4C12.7,14.5,13.3,14.4,13.8,14.1z\"><\/path><\/svg><span class=\"wp-block-social-link-label screen-reader-text\">Goodreads<\/span><\/a><\/li>\n\n<li class=\"wp-social-link wp-social-link-instagram  wp-block-social-link\"><a href=\"https:\/\/www.instagram.com\/dragitaart\/\" class=\"wp-block-social-link-anchor\"><svg width=\"24\" height=\"24\" viewBox=\"0 0 24 24\" version=\"1.1\" xmlns=\"http:\/\/www.w3.org\/2000\/svg\" aria-hidden=\"true\" focusable=\"false\"><path d=\"M12,4.622c2.403,0,2.688,0.009,3.637,0.052c0.877,0.04,1.354,0.187,1.671,0.31c0.42,0.163,0.72,0.358,1.035,0.673 c0.315,0.315,0.51,0.615,0.673,1.035c0.123,0.317,0.27,0.794,0.31,1.671c0.043,0.949,0.052,1.234,0.052,3.637 s-0.009,2.688-0.052,3.637c-0.04,0.877-0.187,1.354-0.31,1.671c-0.163,0.42-0.358,0.72-0.673,1.035 c-0.315,0.315-0.615,0.51-1.035,0.673c-0.317,0.123-0.794,0.27-1.671,0.31c-0.949,0.043-1.233,0.052-3.637,0.052 s-2.688-0.009-3.637-0.052c-0.877-0.04-1.354-0.187-1.671-0.31c-0.42-0.163-0.72-0.358-1.035-0.673 c-0.315-0.315-0.51-0.615-0.673-1.035c-0.123-0.317-0.27-0.794-0.31-1.671C4.631,14.688,4.622,14.403,4.622,12 s0.009-2.688,0.052-3.637c0.04-0.877,0.187-1.354,0.31-1.671c0.163-0.42,0.358-0.72,0.673-1.035 c0.315-0.315,0.615-0.51,1.035-0.673c0.317-0.123,0.794-0.27,1.671-0.31C9.312,4.631,9.597,4.622,12,4.622 M12,3 C9.556,3,9.249,3.01,8.289,3.054C7.331,3.098,6.677,3.25,6.105,3.472C5.513,3.702,5.011,4.01,4.511,4.511 c-0.5,0.5-0.808,1.002-1.038,1.594C3.25,6.677,3.098,7.331,3.054,8.289C3.01,9.249,3,9.556,3,12c0,2.444,0.01,2.751,0.054,3.711 c0.044,0.958,0.196,1.612,0.418,2.185c0.23,0.592,0.538,1.094,1.038,1.594c0.5,0.5,1.002,0.808,1.594,1.038 c0.572,0.222,1.227,0.375,2.185,0.418C9.249,20.99,9.556,21,12,21s2.751-0.01,3.711-0.054c0.958-0.044,1.612-0.196,2.185-0.418 c0.592-0.23,1.094-0.538,1.594-1.038c0.5-0.5,0.808-1.002,1.038-1.594c0.222-0.572,0.375-1.227,0.418-2.185 C20.99,14.751,21,14.444,21,12s-0.01-2.751-0.054-3.711c-0.044-0.958-0.196-1.612-0.418-2.185c-0.23-0.592-0.538-1.094-1.038-1.594 c-0.5-0.5-1.002-0.808-1.594-1.038c-0.572-0.222-1.227-0.375-2.185-0.418C14.751,3.01,14.444,3,12,3L12,3z M12,7.378 c-2.552,0-4.622,2.069-4.622,4.622S9.448,16.622,12,16.622s4.622-2.069,4.622-4.622S14.552,7.378,12,7.378z M12,15 c-1.657,0-3-1.343-3-3s1.343-3,3-3s3,1.343,3,3S13.657,15,12,15z M16.804,6.116c-0.596,0-1.08,0.484-1.08,1.08 s0.484,1.08,1.08,1.08c0.596,0,1.08-0.484,1.08-1.08S17.401,6.116,16.804,6.116z\"><\/path><\/svg><span class=\"wp-block-social-link-label screen-reader-text\">Instagram<\/span><\/a><\/li>\n\n<li class=\"wp-social-link wp-social-link-mail  wp-block-social-link\"><a href=\"mailto:&#100;r&#097;g&#105;taa&#114;t&#064;se&#122;&#110;am&#046;cz\" class=\"wp-block-social-link-anchor\"><svg width=\"24\" height=\"24\" viewBox=\"0 0 24 24\" version=\"1.1\" xmlns=\"http:\/\/www.w3.org\/2000\/svg\" aria-hidden=\"true\" focusable=\"false\"><path d=\"M19,5H5c-1.1,0-2,.9-2,2v10c0,1.1.9,2,2,2h14c1.1,0,2-.9,2-2V7c0-1.1-.9-2-2-2zm.5,12c0,.3-.2.5-.5.5H5c-.3,0-.5-.2-.5-.5V9.8l7.5,5.6,7.5-5.6V17zm0-9.1L12,13.6,4.5,7.9V7c0-.3.2-.5.5-.5h14c.3,0,.5.2.5.5v.9z\"><\/path><\/svg><span class=\"wp-block-social-link-label screen-reader-text\">Mail<\/span><\/a><\/li>\n\n<li class=\"wp-social-link wp-social-link-telegram  wp-block-social-link\"><a href=\"https:\/\/t.me\/dragitinatvorba\" class=\"wp-block-social-link-anchor\"><svg width=\"24\" height=\"24\" viewBox=\"0 0 128 128\" version=\"1.1\" xmlns=\"http:\/\/www.w3.org\/2000\/svg\" aria-hidden=\"true\" focusable=\"false\"><path d=\"M28.9700376,63.3244248 C47.6273373,55.1957357 60.0684594,49.8368063 66.2934036,47.2476366 C84.0668845,39.855031 87.7600616,38.5708563 90.1672227,38.528 C90.6966555,38.5191258 91.8804274,38.6503351 92.6472251,39.2725385 C93.294694,39.7979149 93.4728387,40.5076237 93.5580865,41.0057381 C93.6433345,41.5038525 93.7494885,42.63857 93.6651041,43.5252052 C92.7019529,53.6451182 88.5344133,78.2034783 86.4142057,89.5379542 C85.5170662,94.3339958 83.750571,95.9420841 82.0403991,96.0994568 C78.3237996,96.4414641 75.5015827,93.6432685 71.9018743,91.2836143 C66.2690414,87.5912212 63.0868492,85.2926952 57.6192095,81.6896017 C51.3004058,77.5256038 55.3966232,75.2369981 58.9976911,71.4967761 C59.9401076,70.5179421 76.3155302,55.6232293 76.6324771,54.2720454 C76.6721165,54.1030573 76.7089039,53.4731496 76.3346867,53.1405352 C75.9604695,52.8079208 75.4081573,52.921662 75.0095933,53.0121213 C74.444641,53.1403447 65.4461175,59.0880351 48.0140228,70.8551922 C45.4598218,72.6091037 43.1463059,73.4636682 41.0734751,73.4188859 C38.7883453,73.3695169 34.3926725,72.1268388 31.1249416,71.0646282 C27.1169366,69.7617838 23.931454,69.0729605 24.208838,66.8603276 C24.3533167,65.7078514 25.9403832,64.5292172 28.9700376,63.3244248 Z\" \/><\/svg><span class=\"wp-block-social-link-label screen-reader-text\">Telegram<\/span><\/a><\/li>\n\n<li class=\"wp-social-link wp-social-link-twitch  wp-block-social-link\"><a href=\"https:\/\/www.twitch.tv\/dragita88\" class=\"wp-block-social-link-anchor\"><svg width=\"24\" height=\"24\" viewBox=\"0 0 24 24\" version=\"1.1\" xmlns=\"http:\/\/www.w3.org\/2000\/svg\" aria-hidden=\"true\" focusable=\"false\"><path d=\"M16.499,8.089h-1.636v4.91h1.636V8.089z M12,8.089h-1.637v4.91H12V8.089z M4.228,3.178L3,6.451v13.092h4.499V22h2.456 l2.454-2.456h3.681L21,14.636V3.178H4.228z M19.364,13.816l-2.864,2.865H12l-2.453,2.453V16.68H5.863V4.814h13.501V13.816z\"><\/path><\/svg><span class=\"wp-block-social-link-label screen-reader-text\">Twitch<\/span><\/a><\/li>\n\n<li class=\"wp-social-link wp-social-link-youtube  wp-block-social-link\"><a href=\"https:\/\/www.youtube.com\/@Dragita-art\" class=\"wp-block-social-link-anchor\"><svg width=\"24\" height=\"24\" viewBox=\"0 0 24 24\" version=\"1.1\" xmlns=\"http:\/\/www.w3.org\/2000\/svg\" aria-hidden=\"true\" focusable=\"false\"><path d=\"M21.8,8.001c0,0-0.195-1.378-0.795-1.985c-0.76-0.797-1.613-0.801-2.004-0.847c-2.799-0.202-6.997-0.202-6.997-0.202 h-0.009c0,0-4.198,0-6.997,0.202C4.608,5.216,3.756,5.22,2.995,6.016C2.395,6.623,2.2,8.001,2.2,8.001S2,9.62,2,11.238v1.517 c0,1.618,0.2,3.237,0.2,3.237s0.195,1.378,0.795,1.985c0.761,0.797,1.76,0.771,2.205,0.855c1.6,0.153,6.8,0.201,6.8,0.201 s4.203-0.006,7.001-0.209c0.391-0.047,1.243-0.051,2.004-0.847c0.6-0.607,0.795-1.985,0.795-1.985s0.2-1.618,0.2-3.237v-1.517 C22,9.62,21.8,8.001,21.8,8.001z M9.935,14.594l-0.001-5.62l5.404,2.82L9.935,14.594z\"><\/path><\/svg><span class=\"wp-block-social-link-label screen-reader-text\">YouTube<\/span><\/a><\/li><\/ul>\n\n\n<p><span class=\"a_GcMg font-feature-liga-on font-feature-clig-on font-feature-calt-on text-decoration-none text-strikethrough-none\">Chcete obr\u00e1zek sv\u00e9ho chlup\u00e1\u010de? R\u00e1da pro v\u00e1s namaluji obraz va\u0161eho pejska, ko\u010di\u010dky nebo jin\u00e9ho zv\u00ed\u0159ec\u00edho \u010dlena rodiny.<\/span><\/p>\n<p class=\"cvGsUA direction-ltr align-start para-style-body\"><span class=\"a_GcMg font-feature-liga-on font-feature-clig-on font-feature-calt-on text-decoration-none text-strikethrough-none\">Cena obrazu je dle domluvy &#8211; \u010das dod\u00e1n\u00ed min. 4 t\u00fddny od prvn\u00ed skicy.<\/span><\/p>\n\n\n<figure class=\"wp-block-image size-large\"><img loading=\"lazy\" decoding=\"async\" width=\"1024\" height=\"37\" src=\"https:\/\/www.dragita-art.cz\/wp-content\/uploads\/2026\/03\/cara-oddelovac-1024x37.png\" alt=\"\" class=\"wp-image-70\" srcset=\"https:\/\/www.dragita-art.cz\/wp-content\/uploads\/2026\/03\/cara-oddelovac-1024x37.png 1024w, https:\/\/www.dragita-art.cz\/wp-content\/uploads\/2026\/03\/cara-oddelovac-300x11.png 300w, https:\/\/www.dragita-art.cz\/wp-content\/uploads\/2026\/03\/cara-oddelovac-768x28.png 768w, https:\/\/www.dragita-art.cz\/wp-content\/uploads\/2026\/03\/cara-oddelovac-1536x55.png 1536w, https:\/\/www.dragita-art.cz\/wp-content\/uploads\/2026\/03\/cara-oddelovac-1140x41.png 1140w, https:\/\/www.dragita-art.cz\/wp-content\/uploads\/2026\/03\/cara-oddelovac.png 1647w\" sizes=\"(max-width: 1024px) 100vw, 1024px\" \/><\/figure>\n\n\n<p><span class=\"a_GcMg font-feature-liga-on font-feature-clig-on font-feature-calt-on text-decoration-none text-strikethrough-none\">Pou\u017e\u00edv\u00e1m bavln\u011bn\u00e1 pl\u00e1tna a velmi kvalitn\u00ed olejov\u00e9 barvy zna\u010dek <\/span><span class=\"a_GcMg font-feature-liga-on font-feature-clig-on font-feature-calt-on text-decoration-none text-strikethrough-none\"><em>Rembrandt<\/em>, <em>Old Holland <\/em>a<em> Van Gogh<\/em><\/span><span class=\"a_GcMg font-feature-liga-on font-feature-clig-on font-feature-calt-on text-decoration-none text-strikethrough-none\">. Jako akrylov\u00fd poklad pou\u017e\u00edv\u00e1m barvy <\/span><em><span class=\"a_GcMg font-feature-liga-on font-feature-clig-on font-feature-calt-on text-decoration-none text-strikethrough-none\">Liquitex<\/span><\/em><span class=\"a_GcMg font-feature-liga-on font-feature-clig-on font-feature-calt-on text-decoration-none text-strikethrough-none\">, kter\u00e9 jsou p\u0159\u00edjemn\u011b matn\u00e9 a snesou se s olejov\u00fdmi barvami. Natolik jsem si je obl\u00edbila, \u017ee maluji i celoakrylov\u00e9 obrazy, kde k nim p\u0159id\u00e1v\u00e1m i zna\u010dku <\/span><em><span class=\"a_GcMg font-feature-liga-on font-feature-clig-on font-feature-calt-on text-decoration-none text-strikethrough-none\">Golden<\/span><\/em><span class=\"a_GcMg font-feature-liga-on font-feature-clig-on font-feature-calt-on text-decoration-none text-strikethrough-none\">.<\/span><\/p>\n\n\n<div style=\"position: relative; width: 100%; height: 0; padding-top: 57.1429%;\n padding-bottom: 0; box-shadow: 0 2px 8px 0 rgba(63,69,81,0.16); margin-top: 1.6em; margin-bottom: 0.9em; overflow: hidden;\n border-radius: 8px; will-change: transform;\">\n  <iframe loading=\"lazy\" style=\"position: absolute; width: 100%; height: 100%; top: 0; left: 0; border: none; padding: 0;margin: 0;\"\n    src=\"https:\/\/www.canva.com\/design\/DAHEI4Hl1wI\/HBkQbpOKdH-y81enXSC2pQ\/view?embed\" allowfullscreen=\"allowfullscreen\" allow=\"fullscreen\">\n  <\/iframe>\n<\/div>\n<a href=\"https:&#x2F;&#x2F;www.canva.com&#x2F;design&#x2F;DAHEI4Hl1wI&#x2F;HBkQbpOKdH-y81enXSC2pQ&#x2F;view?utm_content=DAHEI4Hl1wI&amp;utm_campaign=designshare&amp;utm_medium=embeds&amp;utm_source=link\" target=\"_blank\" rel=\"noopener\">N\u00e1vrh<\/a> u\u017eivatele Petra Machova\n","protected":false},"excerpt":{"rendered":"<p>R\u00e1da se inspiruji fantazi\u00ed i realismem. Maluji kombinovanou technikou s olejem a akrylem. Pou\u017e\u00edv\u00e1m r\u016fzn\u00e9 rozm\u011bry pl\u00e1tna se skryt\u00fdm r\u00e1mem.M\u016f\u017eete jej tak ihned pov\u011bsit naprosto kdekoliv. Najdete u mne i digit\u00e1ln\u00ed tvorbu. Chcete obr\u00e1zek sv\u00e9ho chlup\u00e1\u010de? R\u00e1da pro v\u00e1s namaluji obraz va\u0161eho pejska, ko\u010di\u010dky nebo jin\u00e9ho zv\u00ed\u0159ec\u00edho \u010dlena rodiny. Cena obrazu je dle domluvy &#8211; \u010das dod\u00e1n\u00ed min. 4 t\u00fddny od prvn\u00ed skicy. Pou\u017e\u00edv\u00e1m bavln\u011bn\u00e1 pl\u00e1tna a velmi kvalitn\u00ed olejov\u00e9 barvy zna\u010dek Rembrandt, Old Holland a Van Gogh. Jako akrylov\u00fd poklad pou\u017e\u00edv\u00e1m barvy Liquitex, kter\u00e9 jsou p\u0159\u00edjemn\u011b matn\u00e9 a snesou se s olejov\u00fdmi barvami. Natolik jsem si je obl\u00edbila, \u017ee maluji i celoakrylov\u00e9 obrazy, kde k nim p\u0159id\u00e1v\u00e1m i zna\u010dku Golden. N\u00e1vrh u\u017eivatele Petra Machova<\/p>\n","protected":false},"author":1,"featured_media":0,"parent":0,"menu_order":0,"comment_status":"closed","ping_status":"open","template":"","meta":{"footnotes":""},"_links":{"self":[{"href":"https:\/\/www.dragita-art.cz\/index.php?rest_route=\/wp\/v2\/pages\/2"}],"collection":[{"href":"https:\/\/www.dragita-art.cz\/index.php?rest_route=\/wp\/v2\/pages"}],"about":[{"href":"https:\/\/www.dragita-art.cz\/index.php?rest_route=\/wp\/v2\/types\/page"}],"author":[{"embeddable":true,"href":"https:\/\/www.dragita-art.cz\/index.php?rest_route=\/wp\/v2\/users\/1"}],"replies":[{"embeddable":true,"href":"https:\/\/www.dragita-art.cz\/index.php?rest_route=%2Fwp%2Fv2%2Fcomments&post=2"}],"version-history":[{"count":24,"href":"https:\/\/www.dragita-art.cz\/index.php?rest_route=\/wp\/v2\/pages\/2\/revisions"}],"predecessor-version":[{"id":93,"href":"https:\/\/www.dragita-art.cz\/index.php?rest_route=\/wp\/v2\/pages\/2\/revisions\/93"}],"wp:attachment":[{"href":"https:\/\/www.dragita-art.cz\/index.php?rest_route=%2Fwp%2Fv2%2Fmedia&parent=2"}],"curies":[{"name":"wp","href":"https:\/\/api.w.org\/{rel}","templated":true}]}}